{"id":47388,"date":"2020-10-20T13:50:52","date_gmt":"2020-10-20T11:50:52","guid":{"rendered":"https:\/\/registro.umh.es\/?page_id=47388"},"modified":"2024-06-13T09:17:22","modified_gmt":"2024-06-13T07:17:22","slug":"directorio","status":"publish","type":"page","link":"https:\/\/smca.umh.es\/ca\/conocenos\/directorio\/","title":{"rendered":"Directori"},"content":{"rendered":"<p><\/p>\n<h3>&nbsp;<\/h3>\n<h4>Cap de Servei<\/h4>\n<p>MARTINEZ GOMEZ, MARIA JOSEFA<br \/>\nE-mail: mjmartinez@umh.es<\/p>\n<h4>&nbsp;<\/h4>\n<h4><em>Secci\u00f3 de Gesti\u00f3 Documental i Administraci\u00f3 Electr\u00f2nica<\/em><\/h4>\n<h5>&nbsp;<\/h5>\n<h5>Registre i Administraci\u00f3 Electr\u00f2nica<\/h5>\n<p>GONZ\u00c1LEZ FUENTES, CELIA ASUNCI\u00d3N<br \/>\n<em>Administrativa<\/em><br \/>\nE-mail: celia.gonzalezf@umh.es<br \/>\nExtensi\u00f3: 96 665 8676<\/p>\n<p>PASTOR BLAS, MAR\u00cdA DEL MAR<br \/>\n<em>T\u00e8cnic Gesti\u00f3<\/em><br \/>\nE-mail: mar.pastor@umh.es<br \/>\nExtensi\u00f3: 96 665 8721<\/p>\n<p>S\u00c1NCHEZ MATEU, ELENA<br \/>\n<em>Administrativa<\/em><br \/>\nE-mail: elena.sanchez@umh.es<br \/>\nExtensi\u00f3: 96 522 2272<\/p>\n<h5>Arxiu General<\/h5>\n<p>AGUILAR LORENTE, EDUARD<br \/>\n<em>Especialista Arxiu<\/em><br \/>\nE-mail:eaguilar@umh.es<br \/>\nExtensi\u00f3: 96 522 2226<\/p>\n<p>P\u00c9REZ TORREGROSA, JAVIER<br \/>\n<em>T\u00e8cnic Arxiu<\/em><br \/>\nE-mail: javier.perezt@umh.es<br \/>\nExtensi\u00f3: 96 665 8597<\/p>\n<p>&nbsp;<\/p>\n<h4><em>Secci\u00f3 d&#8217;Organitzaci\u00f3 i Gesti\u00f3 Administrativa<\/em><\/h4>\n<h5>&nbsp;<\/h5>\n<h5>Convenis i Transpar\u00e8ncia<\/h5>\n<p>BELDA CUTILLAS, FRANCISCA MARIA<br \/>\n<em>T\u00e9cnic Mitj\u00e0<\/em><br \/>\nE-mail:fbelda@umh.es<br \/>\nExtensi\u00f3: 96 522 2295<\/p>\n<p>S\u00c1NCHEZ PARDINES, M\u00aa CARMEN<br \/>\n<em>Administrativa<\/em><br \/>\nE-mail: m.sanchezp@umh.es<br \/>\nExtensi\u00f3: 96 522 2283<\/p>\n<h5>Subvencions<\/h5>\n<p>JUAN PENALVA, MAR\u00cdA JES\u00daS<br \/>\n<em>Administrativa<\/em><br \/>\nE-mail: maria.juanp@umh.es<br \/>\nExtensi\u00f3: 96 665 8437<\/p>\n<p>MARQUINA GONZ\u00c1LEZ, RAQUEL<br \/>\n<em>T\u00e8cnic Gesti\u00f3<\/em><br \/>\nE-mail:&nbsp;rmarquina@umh.es<br \/>\nExtensi\u00f3: 96 522 2270<\/p>\n<p>QUILES MACI\u00c1, MANUELA<br \/>\n<em>Administrativa<\/em><br \/>\nE-mail: manuela.quiles@umh.es<br \/>\nExtensi\u00f3: 96 665 8353<\/p>\n<p><\/p>\n<div class='bookmarkify'><a name='bookmarkify'><\/a><div class='linkbuttons'><a href='http:\/\/www.facebook.com\/share.php?u=https:\/\/smca.umh.es\/ca\/conocenos\/directorio\/' title='Save to Facebook' onclick='target=\"_blank\";' rel='nofollow'><img src='https:\/\/smca.umh.es\/wp-content\/plugins\/bookmarkify\/facebook.png' style='width:16px; height:16px;' alt='[Facebook] ' \/><\/a> <a href='http:\/\/www.google.com\/bookmarks\/mark?op=edit&amp;output=popup&amp;bkmk=https:\/\/smca.umh.es\/ca\/conocenos\/directorio\/&amp;title=Directori' title='Save to Google Bookmarks' onclick='target=\"_blank\";' rel='nofollow'><img src='https:\/\/smca.umh.es\/wp-content\/plugins\/bookmarkify\/google.png' style='width:16px; height:16px;' alt='[Google] ' \/><\/a> <a href='http:\/\/www.linkedin.com\/shareArticle?mini=true&url=https:\/\/smca.umh.es\/ca\/conocenos\/directorio\/&title=Directori' title='Share on LinkedIn' onclick='target=\"_blank\";' rel='nofollow'><img src='https:\/\/smca.umh.es\/wp-content\/plugins\/bookmarkify\/linkedin.png' style='width:16px; height:16px;' alt='[LinkedIn] ' \/><\/a> <a href='http:\/\/twitter.com\/home\/?status=Directori+https:\/\/smca.umh.es\/ca\/conocenos\/directorio\/' title='Save to Twitter' onclick='target=\"_blank\";' rel='nofollow'><img src='https:\/\/smca.umh.es\/wp-content\/plugins\/bookmarkify\/twitter.png' style='width:16px; height:16px;' alt='[Twitter] ' \/><\/a> <\/div><\/div>","protected":false},"excerpt":{"rendered":"<p>&nbsp;<br \/>\nCap de Servei<br \/>\nMARTINEZ GOMEZ, MARIA JOSEFA<br \/>\nE-mail: mjmartinez@umh.es<br \/>\n&nbsp;<br \/>\nSecci\u00f3 de Gesti\u00f3 Documental i Administraci\u00f3 Electr\u00f2nica<br \/>\n&nbsp;<br \/>\nRegistre i Administraci\u00f3 Electr\u00f2nica<br \/>\nGONZ\u00c1LEZ FUENTES, CELIA ASUNCI\u00d3N<br \/>\nAdministrativa<br \/>\nE-mail: celia.gonzalezf@umh.es<br \/>\nExtensi\u00f3: 96 665 8676<br \/>\nPASTOR BLAS, MAR\u00cdA DEL MAR<br \/>\nT\u00e8cnic Gesti\u00f3<br \/>\nE-mail: mar.pastor@umh.es<br \/>\nExtensi\u00f3: 96 665 8721<br \/>\nS\u00c1NCHEZ MATEU, ELENA<br \/>\nAdministrativa<br \/>\nE-mail: elena.sanchez@umh.es<br \/>\nExtensi\u00f3: 96 522 2272<br \/>\nArxiu General<br \/>\nAGUILAR LORENTE, EDUARD<br \/>\nEspecialista Arxiu<br \/>\nE-mail:eaguilar@umh.es<br \/>\nExtensi\u00f3: 96 522 2226<br \/>\nP\u00c9REZ TORREGROSA, JAVIER<br \/>\nT\u00e8cnic Arxiu<br \/>\nE-mail: javier.perezt@umh.es<br \/>\nExtensi\u00f3: 96 665 8597<br \/>\n&nbsp;<br \/>\nSecci\u00f3 d&#8217;Organitzaci\u00f3 i Gesti\u00f3 [&#8230;]<\/p>\n","protected":false},"author":416,"featured_media":0,"parent":527,"menu_order":110,"comment_status":"closed","ping_status":"closed","template":"","meta":{"ngg_post_thumbnail":0,"_links_to":"","_links_to_target":""},"_links":{"self":[{"href":"https:\/\/smca.umh.es\/ca\/wp-json\/wp\/v2\/pages\/47388"}],"collection":[{"href":"https:\/\/smca.umh.es\/ca\/wp-json\/wp\/v2\/pages"}],"about":[{"href":"https:\/\/smca.umh.es\/ca\/wp-json\/wp\/v2\/types\/page"}],"author":[{"embeddable":true,"href":"https:\/\/smca.umh.es\/ca\/wp-json\/wp\/v2\/users\/416"}],"replies":[{"embeddable":true,"href":"https:\/\/smca.umh.es\/ca\/wp-json\/wp\/v2\/comments?post=47388"}],"version-history":[{"count":0,"href":"https:\/\/smca.umh.es\/ca\/wp-json\/wp\/v2\/pages\/47388\/revisions"}],"up":[{"embeddable":true,"href":"https:\/\/smca.umh.es\/ca\/wp-json\/wp\/v2\/pages\/527"}],"wp:attachment":[{"href":"https:\/\/smca.umh.es\/ca\/wp-json\/wp\/v2\/media?parent=47388"}],"curies":[{"name":"wp","href":"https:\/\/api.w.org\/{rel}","templated":true}]}}