{"id":47828,"date":"2021-07-07T12:04:39","date_gmt":"2021-07-07T10:04:39","guid":{"rendered":"https:\/\/registro.umh.es\/?page_id=47828"},"modified":"2021-12-09T10:34:41","modified_gmt":"2021-12-09T09:34:41","slug":"naturaleza-de-las-copias-electronicas-obtenidas-en-el-proceso-de-digitalizacion","status":"publish","type":"page","link":"https:\/\/smca.umh.es\/ca\/administracion-electronica\/protocolo-de-digitalizacion-de-documentos\/naturaleza-de-las-copias-electronicas-obtenidas-en-el-proceso-de-digitalizacion\/","title":{"rendered":"<span lang=\"es\">(Espa\u00f1ol) Naturaleza de las copias electr\u00f3nicas obtenidas en el proceso de digitalizaci\u00f3n<\/span>"},"content":{"rendered":"<p class=\"qtranxs-available-languages-message qtranxs-available-languages-message-ca\">Ho sent, per\u00f2 aquesta entrada nom\u00e9s est\u00e0 disponible en <a href=\"https:\/\/smca.umh.es\/es\/wp-json\/wp\/v2\/pages\/47828\" class=\"qtranxs-available-language-link qtranxs-available-language-link-es\" title=\"Espa\u00f1ol\">Espanyol Europeu<\/a>.<\/p>","protected":false},"excerpt":{"rendered":"<p>Ho sent, per\u00f2 aquesta entrada nom\u00e9s est\u00e0 disponible en Espanyol Europeu.<\/p>\n","protected":false},"author":416,"featured_media":0,"parent":47807,"menu_order":5,"comment_status":"closed","ping_status":"closed","template":"","meta":{"ngg_post_thumbnail":0,"_links_to":"","_links_to_target":""},"_links":{"self":[{"href":"https:\/\/smca.umh.es\/ca\/wp-json\/wp\/v2\/pages\/47828"}],"collection":[{"href":"https:\/\/smca.umh.es\/ca\/wp-json\/wp\/v2\/pages"}],"about":[{"href":"https:\/\/smca.umh.es\/ca\/wp-json\/wp\/v2\/types\/page"}],"author":[{"embeddable":true,"href":"https:\/\/smca.umh.es\/ca\/wp-json\/wp\/v2\/users\/416"}],"replies":[{"embeddable":true,"href":"https:\/\/smca.umh.es\/ca\/wp-json\/wp\/v2\/comments?post=47828"}],"version-history":[{"count":0,"href":"https:\/\/smca.umh.es\/ca\/wp-json\/wp\/v2\/pages\/47828\/revisions"}],"up":[{"embeddable":true,"href":"https:\/\/smca.umh.es\/ca\/wp-json\/wp\/v2\/pages\/47807"}],"wp:attachment":[{"href":"https:\/\/smca.umh.es\/ca\/wp-json\/wp\/v2\/media?parent=47828"}],"curies":[{"name":"wp","href":"https:\/\/api.w.org\/{rel}","templated":true}]}}