{"id":48595,"date":"2023-03-17T11:50:25","date_gmt":"2023-03-17T10:50:25","guid":{"rendered":"https:\/\/smca.umh.es\/?page_id=48595"},"modified":"2023-03-17T11:50:25","modified_gmt":"2023-03-17T10:50:25","slug":"informacion-sobre-proteccion-de-datos-subvenciones-movilidad-internacional","status":"publish","type":"page","link":"https:\/\/smca.umh.es\/ca\/proteccion-de-datos\/informacion-sobre-proteccion-de-datos-subvenciones-movilidad-internacional\/","title":{"rendered":"<span lang=\"es\">(Espa\u00f1ol) Informaci\u00f3n sobre protecci\u00f3n de datos: subvenciones\/movilidad internacional<\/span>"},"content":{"rendered":"<p class=\"qtranxs-available-languages-message qtranxs-available-languages-message-ca\">Ho sent, per\u00f2 aquesta entrada nom\u00e9s est\u00e0 disponible en <a href=\"https:\/\/smca.umh.es\/es\/wp-json\/wp\/v2\/pages\/48595\" class=\"qtranxs-available-language-link qtranxs-available-language-link-es\" title=\"Espa\u00f1ol\">Espanyol Europeu<\/a>.<\/p>","protected":false},"excerpt":{"rendered":"<p>Ho sent, per\u00f2 aquesta entrada nom\u00e9s est\u00e0 disponible en Espanyol Europeu.<\/p>\n","protected":false},"author":416,"featured_media":0,"parent":48497,"menu_order":600,"comment_status":"closed","ping_status":"closed","template":"","meta":{"ngg_post_thumbnail":0,"_links_to":"","_links_to_target":""},"_links":{"self":[{"href":"https:\/\/smca.umh.es\/ca\/wp-json\/wp\/v2\/pages\/48595"}],"collection":[{"href":"https:\/\/smca.umh.es\/ca\/wp-json\/wp\/v2\/pages"}],"about":[{"href":"https:\/\/smca.umh.es\/ca\/wp-json\/wp\/v2\/types\/page"}],"author":[{"embeddable":true,"href":"https:\/\/smca.umh.es\/ca\/wp-json\/wp\/v2\/users\/416"}],"replies":[{"embeddable":true,"href":"https:\/\/smca.umh.es\/ca\/wp-json\/wp\/v2\/comments?post=48595"}],"version-history":[{"count":0,"href":"https:\/\/smca.umh.es\/ca\/wp-json\/wp\/v2\/pages\/48595\/revisions"}],"up":[{"embeddable":true,"href":"https:\/\/smca.umh.es\/ca\/wp-json\/wp\/v2\/pages\/48497"}],"wp:attachment":[{"href":"https:\/\/smca.umh.es\/ca\/wp-json\/wp\/v2\/media?parent=48595"}],"curies":[{"name":"wp","href":"https:\/\/api.w.org\/{rel}","templated":true}]}}