{"id":527,"date":"2018-12-10T09:43:13","date_gmt":"2018-12-10T08:43:13","guid":{"rendered":"http:\/\/registro.zeus.umh.es\/?page_id=527"},"modified":"2026-01-08T15:08:10","modified_gmt":"2026-01-08T14:08:10","slug":"conocenos","status":"publish","type":"page","link":"https:\/\/smca.umh.es\/ca\/conocenos\/","title":{"rendered":"Coneix-nos"},"content":{"rendered":"<p><\/p>\n<div>\n<p><strong>LOCALITZACI\u00d3<\/strong><\/p>\n<table style=\"height: 255px;width: 100%;border-collapse: collapse;border-style: hidden\">\n<tbody>\n<tr style=\"height: 232px\">\n<td style=\"width: 50%;text-align: center;height: 231px\"><a href=\"http:\/\/audiovisuales.umh.es\/consulta-audiovisual\/pages\/detalleContenido.xhtml?idContenido=202369\" target=\"_blank\" rel=\"noopener noreferrer\"><img loading=\"lazy\" class=\"alignnone wp-image-47384 size-medium\" src=\"https:\/\/registro.umh.es\/files\/2020\/10\/Rectorado_Registro-General-300x200.jpg\" alt=\"\" width=\"300\" height=\"200\" srcset=\"https:\/\/smca.umh.es\/files\/2020\/10\/Rectorado_Registro-General-300x200.jpg 300w, https:\/\/smca.umh.es\/files\/2020\/10\/Rectorado_Registro-General-768x512.jpg 768w, https:\/\/smca.umh.es\/files\/2020\/10\/Rectorado_Registro-General-1024x683.jpg 1024w\" sizes=\"(max-width: 300px) 100vw, 300px\" \/><\/a><\/td>\n<td style=\"width: 50%;border-color: #000000;text-align: center;height: 231px\"><a href=\"http:\/\/audiovisuales.umh.es\/consulta-audiovisual\/pages\/detalleContenido.xhtml?idContenido=228339\" target=\"_blank\" rel=\"noopener noreferrer\"><img loading=\"lazy\" class=\"alignnone wp-image-47381 size-medium\" src=\"https:\/\/registro.umh.es\/files\/2020\/10\/P1040184-300x225.jpg\" alt=\"H\u00e9like_Archivo\" width=\"300\" height=\"225\" srcset=\"https:\/\/smca.umh.es\/files\/2020\/10\/P1040184-300x225.jpg 300w, https:\/\/smca.umh.es\/files\/2020\/10\/P1040184-768x576.jpg 768w, https:\/\/smca.umh.es\/files\/2020\/10\/P1040184-1024x768.jpg 1024w\" sizes=\"(max-width: 300px) 100vw, 300px\" \/><\/a><\/td>\n<\/tr>\n<tr style=\"height: 24px\">\n<td style=\"width: 50%;text-align: center;height: 24px\"><a href=\"https:\/\/www.umh.es\/localizacion\/u%3Auor_10065%7CpGIS_BASE%3AE16P0\/geoUMH_es.html\" target=\"_blank\" rel=\"noopener noreferrer\"><strong>Edifici Rectorat &#8211; Registre General, Convenis i Subvencions<\/strong><\/a><\/td>\n<td style=\"width: 50%;text-align: center;height: 24px\"><a href=\"https:\/\/www.umh.es\/localizacion\/u%3Auor_10065%7CpGIS_BASE%3AE06P1%7Ctu3\/geoUMH_es.html\" target=\"_blank\" rel=\"noopener noreferrer\"><strong>Edifici H\u00e8like &#8211; Arxiu General<\/strong><\/a><\/td>\n<\/tr>\n<\/tbody>\n<\/table>\n<p>&nbsp; <strong>PRESENTACI\u00d3<\/strong> &nbsp; La MISSI\u00d3 del Servei de Modernitzaci\u00f3 i Coordinaci\u00f3 Administrativa \u00e9s desenvolupar i impulsar el proc\u00e9s de modernitzaci\u00f3 administrativa de la Universitat basat en l&#8217;efic\u00e0cia i efici\u00e8ncia de la gesti\u00f3, l&#8217;orientaci\u00f3 de servei al ciutad\u00e0, la coordinaci\u00f3 de l&#8217;activitat administrativa, la simplificaci\u00f3 i millora dels procediments, la implantaci\u00f3 de l&#8217;administraci\u00f3 electr\u00f2nica i la gesti\u00f3 de les pol\u00edtiques i sistemes de gesti\u00f3 documental, constituint-se com un element b\u00e0sic de suport a la gesti\u00f3 administrativa, a la investigaci\u00f3 i la doc\u00e8ncia. &nbsp; El Servei exerceix les seues FUNCIONS a trav\u00e9s de les seg\u00fcents seccions: &nbsp; <strong>Secci\u00f3 de Gesti\u00f3 Documental i Administraci\u00f3 electr\u00f2nica<\/strong> &nbsp;<\/p>\n<ul>\n<li>Coordinaci\u00f3 i seguiment de la gesti\u00f3 del sistema d&#8217;Informaci\u00f3 administrativa i del cat\u00e0leg de procediments i serveis de la Universitat.<\/li>\n<li>Gesti\u00f3 i administraci\u00f3 dels continguts de la Seu electr\u00f2nica.<\/li>\n<li>Suport i assist\u00e8ncia als usuaris d&#8217;administraci\u00f3 electr\u00f2nica (usuaris externs i personal de les unitats tramitadores).<\/li>\n<li>Emissi\u00f3 de mitjans d&#8217;identificaci\u00f3 i signatura digital (certificats electr\u00f2nics, cl@ve).<\/li>\n<li>Administraci\u00f3 del Registre Electr\u00f2nic d&#8217;Apoderaments i del Registre de funcionaris habilitats.<\/li>\n<li>Coordinaci\u00f3 i administraci\u00f3 del sistema de registre de la UMH: gesti\u00f3 del registre electr\u00f2nic i de les oficines d&#8217;assist\u00e8ncia en mat\u00e8ria de registres de la Universitat.<\/li>\n<li>Digitalitzaci\u00f3 i emissi\u00f3 de c\u00f2pies aut\u00e8ntiques de documents.<\/li>\n<li>Implantaci\u00f3 i administraci\u00f3 de la pol\u00edtica de gesti\u00f3 i el programa de tractament de documents electr\u00f2nics.<\/li>\n<li>Identificaci\u00f3 i valoraci\u00f3 documental, disseny del quadre de classificaci\u00f3 d&#8217;arxiu, definici\u00f3 i aplicaci\u00f3 de l&#8217;esquema de metadades, establiment de les normes de conservaci\u00f3 i acc\u00e9s de les diferents s\u00e8ries documentals.<\/li>\n<li>Coordinaci\u00f3 i administraci\u00f3 del sistema d&#8217;arxiv\u00edstic de la UMH: Arxiu general, arxiu electr\u00f2nic i arxius de gesti\u00f3.<\/li>\n<li>Proporcionar als usuaris els serveis de consulta, pr\u00e9stec i reprografia dels fons documentals depositats en l&#8217;Arxiu.<\/li>\n<\/ul>\n<p>&nbsp; <strong>Secci\u00f3 d&#8217;Organitzaci\u00f3 i Gesti\u00f3 Administrativa<\/strong> &nbsp;<\/p>\n<ul>\n<li>Assessorament, gesti\u00f3 i seguiment dels convenis de la Universitat amb altres universitats, empreses i institucions o organismes p\u00fablics o privats.<\/li>\n<li>Assessorament, gesti\u00f3 i seguiment dels procediments de concessi\u00f3 de subvencions, ajudes i premis.<\/li>\n<li>Gesti\u00f3 i tramitaci\u00f3 del procediment d&#8217;acc\u00e9s a documentaci\u00f3 i informaci\u00f3 p\u00fablica.<\/li>\n<li>Manteniment del cat\u00e0leg institucional de normatives de la Universitat.<\/li>\n<\/ul>\n<\/div>\n<div>&nbsp;<\/div>\n<div>&nbsp;<\/div>\n<div><strong>COM ARRIBAR A la UMH-CAMPUS D&#8217;ELX?<\/strong><\/div>\n<div><a href=\"https:\/\/smca.umh.es\/files\/2022\/03\/Elche-1.png\" target=\"_blank\" rel=\"noopener noreferrer\"><img loading=\"lazy\" class=\"wp-image-48175 size-medium aligncenter\" title=\"Plano Campus de Elche\" src=\"https:\/\/smca.umh.es\/files\/2022\/03\/Elche-1-300x212.png\" alt=\"\" width=\"300\" height=\"212\" srcset=\"https:\/\/smca.umh.es\/files\/2022\/03\/Elche-1-300x212.png 300w, https:\/\/smca.umh.es\/files\/2022\/03\/Elche-1-1024x723.png 1024w, https:\/\/smca.umh.es\/files\/2022\/03\/Elche-1-768x542.png 768w, https:\/\/smca.umh.es\/files\/2022\/03\/Elche-1-1536x1085.png 1536w, https:\/\/smca.umh.es\/files\/2022\/03\/Elche-1-2048x1446.png 2048w\" sizes=\"(max-width: 300px) 100vw, 300px\" \/><\/a> &nbsp;<\/div>\n<div>\n<div>&nbsp;<\/div>\n<\/div>\n<p><\/p>\n<div class='bookmarkify'><a name='bookmarkify'><\/a><div class='linkbuttons'><a href='http:\/\/www.facebook.com\/share.php?u=https:\/\/smca.umh.es\/ca\/conocenos\/' title='Save to Facebook' onclick='target=\"_blank\";' rel='nofollow'><img src='https:\/\/smca.umh.es\/wp-content\/plugins\/bookmarkify\/facebook.png' style='width:16px; height:16px;' alt='[Facebook] ' \/><\/a> <a href='http:\/\/www.google.com\/bookmarks\/mark?op=edit&amp;output=popup&amp;bkmk=https:\/\/smca.umh.es\/ca\/conocenos\/&amp;title=Coneix-nos' title='Save to Google Bookmarks' onclick='target=\"_blank\";' rel='nofollow'><img src='https:\/\/smca.umh.es\/wp-content\/plugins\/bookmarkify\/google.png' style='width:16px; height:16px;' alt='[Google] ' \/><\/a> <a href='http:\/\/www.linkedin.com\/shareArticle?mini=true&url=https:\/\/smca.umh.es\/ca\/conocenos\/&title=Coneix-nos' title='Share on LinkedIn' onclick='target=\"_blank\";' rel='nofollow'><img src='https:\/\/smca.umh.es\/wp-content\/plugins\/bookmarkify\/linkedin.png' style='width:16px; height:16px;' alt='[LinkedIn] ' \/><\/a> <a href='http:\/\/twitter.com\/home\/?status=Coneix-nos+https:\/\/smca.umh.es\/ca\/conocenos\/' title='Save to Twitter' onclick='target=\"_blank\";' rel='nofollow'><img src='https:\/\/smca.umh.es\/wp-content\/plugins\/bookmarkify\/twitter.png' style='width:16px; height:16px;' alt='[Twitter] ' \/><\/a> <\/div><\/div>","protected":false},"excerpt":{"rendered":"<p>LOCALITZACI\u00d3<\/p>\n<p>Edifici Rectorat &#8211; Registre General, Convenis i Subvencions<br \/>\nEdifici H\u00e8like &#8211; Arxiu General<\/p>\n<p>&nbsp; PRESENTACI\u00d3 &nbsp; La MISSI\u00d3 del Servei de Modernitzaci\u00f3 i Coordinaci\u00f3 Administrativa \u00e9s desenvolupar i impulsar el proc\u00e9s de modernitzaci\u00f3 administrativa de la Universitat basat en l&#8217;efic\u00e0cia i efici\u00e8ncia de la gesti\u00f3, l&#8217;orientaci\u00f3 de servei al ciutad\u00e0, la coordinaci\u00f3 de l&#8217;activitat administrativa, la simplificaci\u00f3 [&#8230;]<\/p>\n","protected":false},"author":322,"featured_media":0,"parent":0,"menu_order":1,"comment_status":"closed","ping_status":"open","template":"","meta":{"ngg_post_thumbnail":0,"_links_to":"","_links_to_target":""},"_links":{"self":[{"href":"https:\/\/smca.umh.es\/ca\/wp-json\/wp\/v2\/pages\/527"}],"collection":[{"href":"https:\/\/smca.umh.es\/ca\/wp-json\/wp\/v2\/pages"}],"about":[{"href":"https:\/\/smca.umh.es\/ca\/wp-json\/wp\/v2\/types\/page"}],"author":[{"embeddable":true,"href":"https:\/\/smca.umh.es\/ca\/wp-json\/wp\/v2\/users\/322"}],"replies":[{"embeddable":true,"href":"https:\/\/smca.umh.es\/ca\/wp-json\/wp\/v2\/comments?post=527"}],"version-history":[{"count":0,"href":"https:\/\/smca.umh.es\/ca\/wp-json\/wp\/v2\/pages\/527\/revisions"}],"wp:attachment":[{"href":"https:\/\/smca.umh.es\/ca\/wp-json\/wp\/v2\/media?parent=527"}],"curies":[{"name":"wp","href":"https:\/\/api.w.org\/{rel}","templated":true}]}}