{"id":47822,"date":"2021-07-07T10:13:36","date_gmt":"2021-07-07T08:13:36","guid":{"rendered":"https:\/\/registro.umh.es\/?page_id=47822"},"modified":"2021-07-07T12:22:23","modified_gmt":"2021-07-07T10:22:23","slug":"preparacion-de-la-documentacion-a-digitalizar","status":"publish","type":"page","link":"https:\/\/smca.umh.es\/en\/administracion-electronica\/protocolo-de-digitalizacion-de-documentos\/preparacion-de-la-documentacion-a-digitalizar\/","title":{"rendered":"<span lang=\"es\">(Espa\u00f1ol) Preparaci\u00f3n de la documentaci\u00f3n a digitalizar<\/span>"},"content":{"rendered":"<p class=\"qtranxs-available-languages-message qtranxs-available-languages-message-en\">Sorry, this entry is only available in <a href=\"https:\/\/smca.umh.es\/es\/wp-json\/wp\/v2\/pages\/47822\" class=\"qtranxs-available-language-link qtranxs-available-language-link-es\" title=\"Espa\u00f1ol\">European Spanish<\/a>.<\/p>","protected":false},"excerpt":{"rendered":"<p>Sorry, this entry is only available in European Spanish.<\/p>\n","protected":false},"author":416,"featured_media":0,"parent":47807,"menu_order":3,"comment_status":"closed","ping_status":"closed","template":"","meta":{"ngg_post_thumbnail":0,"_links_to":"","_links_to_target":""},"_links":{"self":[{"href":"https:\/\/smca.umh.es\/en\/wp-json\/wp\/v2\/pages\/47822"}],"collection":[{"href":"https:\/\/smca.umh.es\/en\/wp-json\/wp\/v2\/pages"}],"about":[{"href":"https:\/\/smca.umh.es\/en\/wp-json\/wp\/v2\/types\/page"}],"author":[{"embeddable":true,"href":"https:\/\/smca.umh.es\/en\/wp-json\/wp\/v2\/users\/416"}],"replies":[{"embeddable":true,"href":"https:\/\/smca.umh.es\/en\/wp-json\/wp\/v2\/comments?post=47822"}],"version-history":[{"count":0,"href":"https:\/\/smca.umh.es\/en\/wp-json\/wp\/v2\/pages\/47822\/revisions"}],"up":[{"embeddable":true,"href":"https:\/\/smca.umh.es\/en\/wp-json\/wp\/v2\/pages\/47807"}],"wp:attachment":[{"href":"https:\/\/smca.umh.es\/en\/wp-json\/wp\/v2\/media?parent=47822"}],"curies":[{"name":"wp","href":"https:\/\/api.w.org\/{rel}","templated":true}]}}