{"id":48503,"date":"2022-10-04T10:56:44","date_gmt":"2022-10-04T08:56:44","guid":{"rendered":"https:\/\/smca.umh.es\/?page_id=48503"},"modified":"2022-10-07T09:27:05","modified_gmt":"2022-10-07T07:27:05","slug":"informacion-sobre-proteccion-de-datos-subvenciones","status":"publish","type":"page","link":"https:\/\/smca.umh.es\/en\/proteccion-de-datos\/informacion-sobre-proteccion-de-datos-subvenciones\/","title":{"rendered":"<span lang=\"es\">(Espa\u00f1ol) Informaci\u00f3n sobre protecci\u00f3n de datos: subvenciones<\/span>"},"content":{"rendered":"<p class=\"qtranxs-available-languages-message qtranxs-available-languages-message-en\">Sorry, this entry is only available in <a href=\"https:\/\/smca.umh.es\/es\/wp-json\/wp\/v2\/pages\/48503\" class=\"qtranxs-available-language-link qtranxs-available-language-link-es\" title=\"Espa\u00f1ol\">European Spanish<\/a>.<\/p>","protected":false},"excerpt":{"rendered":"<p>Sorry, this entry is only available in European Spanish.<\/p>\n","protected":false},"author":416,"featured_media":0,"parent":48497,"menu_order":100,"comment_status":"closed","ping_status":"closed","template":"","meta":{"ngg_post_thumbnail":0,"_links_to":"","_links_to_target":""},"_links":{"self":[{"href":"https:\/\/smca.umh.es\/en\/wp-json\/wp\/v2\/pages\/48503"}],"collection":[{"href":"https:\/\/smca.umh.es\/en\/wp-json\/wp\/v2\/pages"}],"about":[{"href":"https:\/\/smca.umh.es\/en\/wp-json\/wp\/v2\/types\/page"}],"author":[{"embeddable":true,"href":"https:\/\/smca.umh.es\/en\/wp-json\/wp\/v2\/users\/416"}],"replies":[{"embeddable":true,"href":"https:\/\/smca.umh.es\/en\/wp-json\/wp\/v2\/comments?post=48503"}],"version-history":[{"count":0,"href":"https:\/\/smca.umh.es\/en\/wp-json\/wp\/v2\/pages\/48503\/revisions"}],"up":[{"embeddable":true,"href":"https:\/\/smca.umh.es\/en\/wp-json\/wp\/v2\/pages\/48497"}],"wp:attachment":[{"href":"https:\/\/smca.umh.es\/en\/wp-json\/wp\/v2\/media?parent=48503"}],"curies":[{"name":"wp","href":"https:\/\/api.w.org\/{rel}","templated":true}]}}