{"id":48574,"date":"2023-02-23T13:16:37","date_gmt":"2023-02-23T12:16:37","guid":{"rendered":"https:\/\/smca.umh.es\/?page_id=48574"},"modified":"2023-03-15T19:31:23","modified_gmt":"2023-03-15T18:31:23","slug":"informacion-sobre-proteccion-de-datos-subvenciones-prtr","status":"publish","type":"page","link":"https:\/\/smca.umh.es\/en\/proteccion-de-datos\/informacion-sobre-proteccion-de-datos-subvenciones-prtr\/","title":{"rendered":"<span lang=\"es\">(Espa\u00f1ol) Informaci\u00f3n sobre protecci\u00f3n de datos: subvenciones-PRTR<\/span>"},"content":{"rendered":"<p class=\"qtranxs-available-languages-message qtranxs-available-languages-message-en\">Sorry, this entry is only available in <a href=\"https:\/\/smca.umh.es\/es\/wp-json\/wp\/v2\/pages\/48574\" class=\"qtranxs-available-language-link qtranxs-available-language-link-es\" title=\"Espa\u00f1ol\">European Spanish<\/a>.<\/p>","protected":false},"excerpt":{"rendered":"<p>Sorry, this entry is only available in European Spanish.<\/p>\n","protected":false},"author":416,"featured_media":0,"parent":48497,"menu_order":500,"comment_status":"closed","ping_status":"closed","template":"","meta":{"ngg_post_thumbnail":0,"_links_to":"","_links_to_target":""},"_links":{"self":[{"href":"https:\/\/smca.umh.es\/en\/wp-json\/wp\/v2\/pages\/48574"}],"collection":[{"href":"https:\/\/smca.umh.es\/en\/wp-json\/wp\/v2\/pages"}],"about":[{"href":"https:\/\/smca.umh.es\/en\/wp-json\/wp\/v2\/types\/page"}],"author":[{"embeddable":true,"href":"https:\/\/smca.umh.es\/en\/wp-json\/wp\/v2\/users\/416"}],"replies":[{"embeddable":true,"href":"https:\/\/smca.umh.es\/en\/wp-json\/wp\/v2\/comments?post=48574"}],"version-history":[{"count":0,"href":"https:\/\/smca.umh.es\/en\/wp-json\/wp\/v2\/pages\/48574\/revisions"}],"up":[{"embeddable":true,"href":"https:\/\/smca.umh.es\/en\/wp-json\/wp\/v2\/pages\/48497"}],"wp:attachment":[{"href":"https:\/\/smca.umh.es\/en\/wp-json\/wp\/v2\/media?parent=48574"}],"curies":[{"name":"wp","href":"https:\/\/api.w.org\/{rel}","templated":true}]}}