{"id":48865,"date":"2025-05-02T15:17:09","date_gmt":"2025-05-02T13:17:09","guid":{"rendered":"https:\/\/smca.umh.es\/?page_id=48865"},"modified":"2025-05-02T15:19:06","modified_gmt":"2025-05-02T13:19:06","slug":"gestion-de-expedientes-electronicos","status":"publish","type":"page","link":"https:\/\/smca.umh.es\/en\/administracion-electronica\/gestion-de-expedientes-electronicos\/","title":{"rendered":"<span lang=\"es\">(Espa\u00f1ol) Gesti\u00f3n de Expedientes electr\u00f3nicos<\/span>"},"content":{"rendered":"<p class=\"qtranxs-available-languages-message qtranxs-available-languages-message-en\">Sorry, this entry is only available in <a href=\"https:\/\/smca.umh.es\/es\/wp-json\/wp\/v2\/pages\/48865\" class=\"qtranxs-available-language-link qtranxs-available-language-link-es\" title=\"Espa\u00f1ol\">European Spanish<\/a>.<\/p>","protected":false},"excerpt":{"rendered":"<p>Sorry, this entry is only available in European Spanish.<\/p>\n","protected":false},"author":459,"featured_media":0,"parent":47474,"menu_order":600,"comment_status":"closed","ping_status":"closed","template":"","meta":{"ngg_post_thumbnail":0,"_links_to":"","_links_to_target":""},"_links":{"self":[{"href":"https:\/\/smca.umh.es\/en\/wp-json\/wp\/v2\/pages\/48865"}],"collection":[{"href":"https:\/\/smca.umh.es\/en\/wp-json\/wp\/v2\/pages"}],"about":[{"href":"https:\/\/smca.umh.es\/en\/wp-json\/wp\/v2\/types\/page"}],"author":[{"embeddable":true,"href":"https:\/\/smca.umh.es\/en\/wp-json\/wp\/v2\/users\/459"}],"replies":[{"embeddable":true,"href":"https:\/\/smca.umh.es\/en\/wp-json\/wp\/v2\/comments?post=48865"}],"version-history":[{"count":0,"href":"https:\/\/smca.umh.es\/en\/wp-json\/wp\/v2\/pages\/48865\/revisions"}],"up":[{"embeddable":true,"href":"https:\/\/smca.umh.es\/en\/wp-json\/wp\/v2\/pages\/47474"}],"wp:attachment":[{"href":"https:\/\/smca.umh.es\/en\/wp-json\/wp\/v2\/media?parent=48865"}],"curies":[{"name":"wp","href":"https:\/\/api.w.org\/{rel}","templated":true}]}}