{"id":518,"date":"2011-02-25T09:26:45","date_gmt":"2011-02-25T08:26:45","guid":{"rendered":"http:\/\/registro.zeus.umh.es\/?page_id=518"},"modified":"2024-10-15T12:27:28","modified_gmt":"2024-10-15T10:27:28","slug":"registro-general","status":"publish","type":"page","link":"https:\/\/smca.umh.es\/en\/registro-general\/","title":{"rendered":"General Register"},"content":{"rendered":"<p><\/p>\n<p><p align=\"left\"><strong><\/strong><\/p>\n<p align=\"left\">\u00a0<a href=\"https:\/\/registro.umh.es\/files\/2008\/11\/p10100406.jpg\"><\/a>\u00a0<a href=\"https:\/\/registro.umh.es\/files\/2008\/11\/p10100406.jpg\" target=\"_blank\" rel=\"noopener noreferrer\"><img loading=\"lazy\" class=\"alignnone size-medium wp-image-718\" src=\"https:\/\/registro.umh.es\/files\/2008\/11\/p10100406-300x225.jpg\" alt=\"\" width=\"168\" height=\"126\" srcset=\"https:\/\/smca.umh.es\/files\/2008\/11\/p10100406-300x225.jpg 300w, https:\/\/smca.umh.es\/files\/2008\/11\/p10100406.jpg 640w\" sizes=\"(max-width: 168px) 100vw, 168px\" \/><\/a>\u00a0\u00a0\u00a0\u00a0\u00a0\u00a0\u00a0\u00a0\u00a0\u00a0\u00a0\u00a0\u00a0\u00a0\u00a0\u00a0\u00a0\u00a0\u00a0\u00a0\u00a0\u00a0\u00a0\u00a0\u00a0\u00a0\u00a0\u00a0\u00a0\u00a0\u00a0\u00a0\u00a0\u00a0\u00a0\u00a0 <a href=\"https:\/\/registro.umh.es\/files\/2009\/01\/p1140733registro.jpg\" target=\"_blank\" rel=\"noopener noreferrer\"><img loading=\"lazy\" class=\"alignnone size-medium wp-image-955\" src=\"https:\/\/registro.umh.es\/files\/2009\/01\/p1140733registro-300x225.jpg\" alt=\"\" width=\"168\" height=\"126\" srcset=\"https:\/\/smca.umh.es\/files\/2009\/01\/p1140733registro-300x225.jpg 300w, https:\/\/smca.umh.es\/files\/2009\/01\/p1140733registro-1024x768.jpg 1024w\" sizes=\"(max-width: 168px) 100vw, 168px\" \/><\/a>\u00a0<\/p>\n<p align=\"justify\">\n<table style=\"width: 400px;height: 99px\" border=\"1\" cellpadding=\"0\" width=\"400\" align=\"left\">\n<tbody>\n<tr>\n<td width=\"17%\">Direcci\u00f3n<\/td>\n<td style=\"width: 81%\" dir=\"ltr\">Edificio Rectorado y Consejo Social-Planta Baja<br \/>\nAvda. Universidad, s\/n. 03202-Elche<\/td>\n<\/tr>\n<tr>\n<td width=\"17%\">Tel\u00e9fono<\/td>\n<td width=\"81%\">966658676-8721<\/td>\n<\/tr>\n<tr>\n<td width=\"17%\">Fax<\/td>\n<td width=\"81%\">966658632<\/td>\n<\/tr>\n<tr>\n<td width=\"17%\">E-Mail<\/td>\n<td width=\"81%\"><a href=\"mailto:registrogeneral@umh.es\">registrogeneral@umh.es<\/a><\/td>\n<\/tr>\n<\/tbody>\n<\/table>\n<p>\u00a0<\/p>\n<p>\u00a0<\/p>\n<p>\u00a0<\/p>\n<p>\u00a0<\/p>\n<p>\u00a0<\/p>\n<p><strong>Nuestras\u00a0funciones<\/strong>\u00a0\u00a0\u00a0\u00a0\u00a0\u00a0\u00a0\u00a0\u00a0\u00a0\u00a0\u00a0\u00a0\u00a0\u00a0\u00a0\u00a0\u00a0\u00a0\u00a0\u00a0\u00a0\u00a0\u00a0\u00a0\u00a0\u00a0\u00a0\u00a0\u00a0\u00a0\u00a0\u00a0\u00a0\u00a0\u00a0\u00a0\u00a0\u00a0\u00a0\u00a0\u00a0\u00a0\u00a0\u00a0\u00a0\u00a0\u00a0\u00a0\u00a0\u00a0\u00a0\u00a0\u00a0\u00a0\u00a0\u00a0\u00a0\u00a0\u00a0\u00a0\u00a0\u00a0\u00a0\u00a0\u00a0\u00a0\u00a0\u00a0\u00a0\u00a0\u00a0\u00a0\u00a0\u00a0\u00a0\u00a0\u00a0\u00a0\u00a0\u00a0\u00a0\u00a0\u00a0\u00a0\u00a0\u00a0\u00a0\u00a0\u00a0\u00a0\u00a0\u00a0\u00a0\u00a0\u00a0\u00a0\u00a0\u00a0\u00a0\u00a0\u00a0\u00a0\u00a0\u00a0\u00a0\u00a0<\/p>\n<ul>\n<li>Recepci\u00f3n y remisi\u00f3n de las solicitudes, escritos y comunicaciones.<\/li>\n<li>Anotaci\u00f3n de asientos de entrada o salida.<\/li>\n<li>Expedici\u00f3n de recibos y certificaciones de presentaci\u00f3n de documentos.<\/li>\n<li>Realizaci\u00f3n del cotejo y compulsa de los documentos que los interesados tengan que presentar en la\u00a0 Universidad para el ejercicio de sus derechos y actividades administrativas.<\/li>\n<li>Coordinaci\u00f3n y administraci\u00f3n del sistema de Registro de la UMH.<\/li>\n<li>Gesti\u00f3n de las publicaciones en tablones de anuncios oficiales.<\/li>\n<\/ul>\n<p>\u00a0<\/p>\n<p><strong>Qu\u00e9 servicios ofrecemos<\/strong><\/p>\n<p>En las oficinas del Registro General y Auxiliares, se pueden presentar las solicitudes, escritos y comunicaciones que se dirijan a cualquier \u00f3rgano de gobierno, servicio o unidad administrativa de la UMH. Tambi\u00e9n, se utilizan para registrar los documentos que la Universidad remite a otras administraciones p\u00fablicas, \u00f3rganos o particulares.<\/p>\n<p>\u00a0<span style=\"text-decoration: underline\">REGISTRO GENERAL DE ENTRADA<\/span><strong>\u00a0\u00a0<\/strong>\u00a0\u00a0\u00a0\u00a0\u00a0\u00a0\u00a0\u00a0\u00a0\u00a0\u00a0\u00a0\u00a0\u00a0\u00a0\u00a0\u00a0\u00a0\u00a0\u00a0\u00a0\u00a0\u00a0\u00a0\u00a0\u00a0\u00a0\u00a0\u00a0\u00a0\u00a0\u00a0\u00a0\u00a0\u00a0\u00a0\u00a0\u00a0\u00a0\u00a0\u00a0\u00a0\u00a0\u00a0\u00a0\u00a0\u00a0\u00a0\u00a0\u00a0\u00a0\u00a0\u00a0\u00a0\u00a0\u00a0\u00a0\u00a0\u00a0\u00a0\u00a0\u00a0\u00a0\u00a0\u00a0\u00a0\u00a0\u00a0\u00a0\u00a0\u00a0\u00a0\u00a0\u00a0\u00a0\u00a0\u00a0\u00a0\u00a0\u00a0\u00a0\u00a0<\/p>\n<p>El sistema de funcionamiento consiste en asignar un n\u00famero de orden de entrada a cada escrito que se presenta en la Universidad, as\u00ed queda debidamente identificada la fecha y el n\u00famero de presentaci\u00f3n, los datos del interesado, un extracto del escrito, y la unidad administrativa a la que se dirige.<\/p>\n<p>\u00a0<span style=\"text-decoration: underline\">REGISTRO GENERAL DE SALIDA<\/span>\u00a0\u00a0\u00a0\u00a0\u00a0\u00a0\u00a0\u00a0\u00a0\u00a0\u00a0\u00a0\u00a0\u00a0\u00a0\u00a0\u00a0\u00a0\u00a0\u00a0\u00a0\u00a0\u00a0\u00a0\u00a0\u00a0\u00a0\u00a0\u00a0\u00a0\u00a0\u00a0\u00a0\u00a0\u00a0\u00a0\u00a0\u00a0\u00a0\u00a0\u00a0\u00a0\u00a0\u00a0\u00a0\u00a0\u00a0\u00a0\u00a0\u00a0\u00a0\u00a0\u00a0\u00a0\u00a0\u00a0\u00a0\u00a0\u00a0\u00a0\u00a0\u00a0\u00a0\u00a0\u00a0\u00a0\u00a0\u00a0\u00a0\u00a0\u00a0\u00a0\u00a0\u00a0\u00a0\u00a0\u00a0\u00a0\u00a0\u00a0\u00a0\u00a0\u00a0\u00a0\u00a0<\/p>\n<p>En el que se detallan la fecha de salida, la unidad administrativa que remite el escrito, el destinatario, un extracto del escrito y el n\u00famero de orden.<\/p>\n<p>\u00a0<span style=\"text-decoration: underline\">COMPULSA DE DOCUMENTOS<\/span>\u00a0\u00a0\u00a0\u00a0\u00a0\u00a0\u00a0\u00a0\u00a0\u00a0\u00a0\u00a0\u00a0\u00a0\u00a0\u00a0\u00a0\u00a0\u00a0\u00a0\u00a0\u00a0\u00a0\u00a0\u00a0\u00a0\u00a0\u00a0\u00a0\u00a0\u00a0\u00a0\u00a0\u00a0\u00a0\u00a0\u00a0\u00a0\u00a0\u00a0\u00a0\u00a0\u00a0\u00a0\u00a0\u00a0\u00a0\u00a0\u00a0\u00a0\u00a0\u00a0\u00a0\u00a0\u00a0\u00a0\u00a0\u00a0\u00a0\u00a0\u00a0\u00a0\u00a0\u00a0\u00a0\u00a0\u00a0\u00a0\u00a0\u00a0\u00a0\u00a0\u00a0\u00a0\u00a0\u00a0\u00a0\u00a0\u00a0\u00a0\u00a0\u00a0\u00a0\u00a0\u00a0<\/p>\n<p>La compulsa de documentos consiste en el cotejo de una copia con su documento original y ver si es exacta. A la copia se le a\u00f1ade un sello o acreditaci\u00f3n que justificar\u00e1 la identidad con el original. La copia compulsada tendr\u00e1 la misma validez que el original en el procedimiento concreto de que se trate, sin que en ning\u00fan caso acredite la autenticidad del documento original.<\/p>\n<p>Las oficinas de registro (Registro General y Registros Auxiliares dependientes de \u00e9ste) realizar\u00e1n el cotejo de los documentos y copias, devolver\u00e1 el documento original al ciudadano y unir\u00e1 la copia, una vez diligenciada con un sello o acreditaci\u00f3n de compulsa, a la solicitud, escrito o comunicaci\u00f3n que vaya a ser entregada en la misma oficina de registro.<\/p>\n<p>\u00a0<span style=\"text-decoration: underline\">PUBLICACIONES OFICIALES<\/span>\u00a0\u00a0\u00a0\u00a0\u00a0\u00a0\u00a0\u00a0\u00a0\u00a0\u00a0\u00a0\u00a0\u00a0\u00a0\u00a0\u00a0\u00a0\u00a0\u00a0\u00a0\u00a0\u00a0\u00a0\u00a0\u00a0\u00a0\u00a0\u00a0\u00a0\u00a0\u00a0\u00a0\u00a0\u00a0\u00a0\u00a0\u00a0\u00a0\u00a0\u00a0\u00a0\u00a0\u00a0\u00a0\u00a0\u00a0\u00a0\u00a0\u00a0\u00a0\u00a0\u00a0\u00a0\u00a0\u00a0\u00a0\u00a0\u00a0\u00a0\u00a0\u00a0\u00a0\u00a0\u00a0\u00a0\u00a0\u00a0\u00a0\u00a0\u00a0\u00a0\u00a0\u00a0\u00a0\u00a0\u00a0\u00a0\u00a0\u00a0\u00a0\u00a0\u00a0\u00a0\u00a0\u00a0\u00a0\u00a0\u00a0\u00a0<\/p>\n<p>Los tablones de anuncios oficiales de la Universidad se encuentran en las dependencias del Registro General y de los Registros Auxiliares. En estos tablones se publican aquellos documentos cuya inserci\u00f3n solicita una unidad administrativa, \u00f3rgano o autoridad competente a trav\u00e9s del formulario normalizado (Ver Tr\u00e1mites y Formularios). \u00a0<\/p>\n<p>\u00a0<span style=\"text-decoration: underline\">CERTIFICADOS DIGITALES<\/span><\/p>\n<p>Atendemos uno de los Puntos de Registro de Usuario (PRU) de la Autoridad de Certificaci\u00f3n de la Comunidad Valenciana (ACCV) y emitimos el certificado digital m\u00e1s conocido como firma digital.\u00a0 La solicitud del certificado digital es presencial y el solicitante deber\u00e1 identificarse mediante su DNI, NIE o pasaporte espa\u00f1ol, en vigor (debe aportar original y fotocopia).<br \/>\nAdem\u00e1s, se pueden llevar a cabo otros tr\u00e1mites, como la revocaci\u00f3n de los certificados, la gesti\u00f3n de las contrase\u00f1as o el ejercicio de los derechos recogidos en\u00a0la legislaci\u00f3n relativa protecci\u00f3n de datos.\u00a0<\/p>\n<p><span>\u00a0<span>\u00a0<\/span><\/span><\/p>\n<p><strong><\/strong><\/p>\n<p><strong>Sistemas de presentaci\u00f3n de documentos<\/strong><\/p>\n<p>Para presentar documentaci\u00f3n en el registro general de la UMH puedes hacerlo a trav\u00e9s de alguno de los sistemas que te detallamos a continuaci\u00f3n:<\/p>\n<ul>\n<li>Person\u00e1ndote en la oficina del registro general o en las oficinas de los registros auxiliares de la Universidad.<\/li>\n<li>Por correo, en la forma que reglamentariamente se establezca.<\/li>\n<li>En los registros de cualquier \u00f3rgano administrativo que pertenezca a la Administraci\u00f3n General del Estado, a la Administraci\u00f3n de cualquier Comunidad Aut\u00f3noma y en los\u00a0 registros de las Entidades locales que hayan suscrito el oportuno convenio.<\/li>\n<li>En las representaciones diplom\u00e1ticas u oficinas consulares de Espa\u00f1a en el extranjero.<\/li>\n<\/ul>\n<p><\/p>\n<div class='bookmarkify'><a name='bookmarkify'><\/a><div class='linkbuttons'><a href='http:\/\/www.facebook.com\/share.php?u=https:\/\/smca.umh.es\/en\/registro-general\/' title='Save to Facebook' onclick='target=\"_blank\";' rel='nofollow'><img src='https:\/\/smca.umh.es\/wp-content\/plugins\/bookmarkify\/facebook.png' style='width:16px; height:16px;' alt='[Facebook] ' \/><\/a> <a href='http:\/\/www.google.com\/bookmarks\/mark?op=edit&amp;output=popup&amp;bkmk=https:\/\/smca.umh.es\/en\/registro-general\/&amp;title=General Register' title='Save to Google Bookmarks' onclick='target=\"_blank\";' rel='nofollow'><img src='https:\/\/smca.umh.es\/wp-content\/plugins\/bookmarkify\/google.png' style='width:16px; height:16px;' alt='[Google] ' \/><\/a> <a href='http:\/\/www.linkedin.com\/shareArticle?mini=true&url=https:\/\/smca.umh.es\/en\/registro-general\/&title=General Register' title='Share on LinkedIn' onclick='target=\"_blank\";' rel='nofollow'><img src='https:\/\/smca.umh.es\/wp-content\/plugins\/bookmarkify\/linkedin.png' style='width:16px; height:16px;' alt='[LinkedIn] ' \/><\/a> <a href='http:\/\/twitter.com\/home\/?status=General Register+https:\/\/smca.umh.es\/en\/registro-general\/' title='Save to Twitter' onclick='target=\"_blank\";' rel='nofollow'><img src='https:\/\/smca.umh.es\/wp-content\/plugins\/bookmarkify\/twitter.png' style='width:16px; height:16px;' alt='[Twitter] ' \/><\/a> <\/div><\/div>","protected":false},"excerpt":{"rendered":"<p>\u00a0\u00a0\u00a0\u00a0\u00a0\u00a0\u00a0\u00a0\u00a0\u00a0\u00a0\u00a0\u00a0\u00a0\u00a0\u00a0\u00a0\u00a0\u00a0\u00a0\u00a0\u00a0\u00a0\u00a0\u00a0\u00a0\u00a0\u00a0\u00a0\u00a0\u00a0\u00a0\u00a0\u00a0\u00a0\u00a0\u00a0\u00a0 \u00a0<\/p>\n<p>Direcci\u00f3n<br \/>\nEdificio Rectorado y Consejo Social-Planta Baja<br \/>\nAvda. Universidad, s\/n. 03202-Elche<\/p>\n<p>Tel\u00e9fono<br \/>\n966658676-8721<\/p>\n<p>Fax<br \/>\n966658632<\/p>\n<p>E-Mail<br \/>\nregistrogeneral@umh.es<\/p>\n<p>\u00a0<br \/>\n\u00a0<br \/>\n\u00a0<br \/>\n\u00a0<br \/>\n\u00a0<br \/>\nNuestras\u00a0funciones\u00a0\u00a0\u00a0\u00a0\u00a0\u00a0\u00a0\u00a0\u00a0\u00a0\u00a0\u00a0\u00a0\u00a0\u00a0\u00a0\u00a0\u00a0\u00a0\u00a0\u00a0\u00a0\u00a0\u00a0\u00a0\u00a0\u00a0\u00a0\u00a0\u00a0\u00a0\u00a0\u00a0\u00a0\u00a0\u00a0\u00a0\u00a0\u00a0\u00a0\u00a0\u00a0\u00a0\u00a0\u00a0\u00a0\u00a0\u00a0\u00a0\u00a0\u00a0\u00a0\u00a0\u00a0\u00a0\u00a0\u00a0\u00a0\u00a0\u00a0\u00a0\u00a0\u00a0\u00a0\u00a0\u00a0\u00a0\u00a0\u00a0\u00a0\u00a0\u00a0\u00a0\u00a0\u00a0\u00a0\u00a0\u00a0\u00a0\u00a0\u00a0\u00a0\u00a0\u00a0\u00a0\u00a0\u00a0\u00a0\u00a0\u00a0\u00a0\u00a0\u00a0\u00a0\u00a0\u00a0\u00a0\u00a0\u00a0\u00a0\u00a0\u00a0\u00a0\u00a0\u00a0\u00a0\u00a0<\/p>\n<p>Recepci\u00f3n y remisi\u00f3n de las solicitudes, escritos y comunicaciones.<br \/>\nAnotaci\u00f3n de asientos de entrada o salida.<br \/>\nExpedici\u00f3n de recibos y certificaciones de presentaci\u00f3n de documentos.<br \/>\nRealizaci\u00f3n del cotejo y compulsa de los documentos que los interesados tengan que presentar en la\u00a0 Universidad para el ejercicio de sus derechos y [&#8230;]<\/p>\n","protected":false},"author":322,"featured_media":0,"parent":0,"menu_order":2,"comment_status":"closed","ping_status":"open","template":"","meta":{"ngg_post_thumbnail":0,"_links_to":"","_links_to_target":""},"_links":{"self":[{"href":"https:\/\/smca.umh.es\/en\/wp-json\/wp\/v2\/pages\/518"}],"collection":[{"href":"https:\/\/smca.umh.es\/en\/wp-json\/wp\/v2\/pages"}],"about":[{"href":"https:\/\/smca.umh.es\/en\/wp-json\/wp\/v2\/types\/page"}],"author":[{"embeddable":true,"href":"https:\/\/smca.umh.es\/en\/wp-json\/wp\/v2\/users\/322"}],"replies":[{"embeddable":true,"href":"https:\/\/smca.umh.es\/en\/wp-json\/wp\/v2\/comments?post=518"}],"version-history":[{"count":0,"href":"https:\/\/smca.umh.es\/en\/wp-json\/wp\/v2\/pages\/518\/revisions"}],"wp:attachment":[{"href":"https:\/\/smca.umh.es\/en\/wp-json\/wp\/v2\/media?parent=518"}],"curies":[{"name":"wp","href":"https:\/\/api.w.org\/{rel}","templated":true}]}}