{"id":527,"date":"2018-12-10T09:43:13","date_gmt":"2018-12-10T08:43:13","guid":{"rendered":"http:\/\/registro.zeus.umh.es\/?page_id=527"},"modified":"2026-01-08T15:08:10","modified_gmt":"2026-01-08T14:08:10","slug":"conocenos","status":"publish","type":"page","link":"https:\/\/smca.umh.es\/en\/conocenos\/","title":{"rendered":"Know us"},"content":{"rendered":"<p><a href=\"https:\/\/registro.umh.es\/files\/2013\/12\/rectorado-250x190.jpg\"><img loading=\"lazy\" class=\"alignnone size-full wp-image-7355\" src=\"https:\/\/registro.umh.es\/files\/2013\/12\/rectorado-250x190.jpg\" alt=\"rectorado-250x190\" width=\"250\" height=\"190\"><\/a><\/p>\n<div>\n<p style=\"text-align: center\">&nbsp;<\/p>\n<p><strong>\u00bfCU\u00c1L ES NUESTRA MISI\u00d3N?<\/strong><\/p>\n<p>Desarrollar e impulsar el proceso de modernizaci\u00f3n administrativa de la Universidad basado en la eficacia y eficiencia de la gesti\u00f3n, la orientaci\u00f3n de servicio al ciudadano, la coordinaci\u00f3n de la actividad administrativa, la simplificaci\u00f3n y mejora de los procedimientos, la implantaci\u00f3n de la administraci\u00f3n electr\u00f3nica y la gesti\u00f3n de las pol\u00edticas y sistemas de gesti\u00f3n documental.<\/p>\n<p>El Servicio de Modernizaci\u00f3n y Coordinaci\u00f3n Administrativa se constituye como un elemento b\u00e1sico de apoyo a la gesti\u00f3n administrativa, a la investigaci\u00f3n y la docencia.<\/p>\n<p>&nbsp;<\/p>\n<p><strong>NUESTRAS FUNCIONES SON\u2026<\/strong><\/p>\n<p><b>Secci\u00f3n de Gesti\u00f3n Documental y Administraci\u00f3n electr\u00f3nica<\/b><\/p>\n<ul>\n<li>Coordinaci\u00f3n y seguimiento de la gesti\u00f3n del sistema de Informaci\u00f3n de administrativa y del cat\u00e1logo de procedimientos y servicios de la Universidad.<\/li>\n<li>Gesti\u00f3n y administraci\u00f3n de los contenidos de la Sede electr\u00f3nica.<\/li>\n<li>Soporte y asistencia a los usuarios de administraci\u00f3n electr\u00f3nica (usuarios externos y personal de las unidades tramitadoras).<\/li>\n<li>Emisi\u00f3n de medios de identificaci\u00f3n y firma digital (certificados electr\u00f3nicos, cl@ve).<\/li>\n<li>Administraci\u00f3n del Registro Electr\u00f3nico de Apoderamientos y del Registro de funcionarios habilitados.<\/li>\n<li>Coordinaci\u00f3n y administraci\u00f3n del sistema de registro de la UMH: gesti\u00f3n de las oficinas presenciales de registro, del registro electr\u00f3nico y de las oficinas de asistencia en materia de registros de la Universidad.<\/li>\n<li>Digitalizaci\u00f3n y emisi\u00f3n de copias aut\u00e9nticas de documentos.<\/li>\n<li>Implantaci\u00f3n y administraci\u00f3n de la pol\u00edtica de gesti\u00f3n y el programa de tratamiento de documentos electr\u00f3nicos.<\/li>\n<li>Identificaci\u00f3n y valoraci\u00f3n documental, dise\u00f1o del cuadro de clasificaci\u00f3n de archivo, definici\u00f3n y aplicaci\u00f3n del esquema de metadatos, establecimiento de las normas de conservaci\u00f3n y acceso de las diferentes series documentales.<\/li>\n<li>Coordinaci\u00f3n y administraci\u00f3n del sistema de archiv\u00edstico de la UMH: Archivo general, archivo electr\u00f3nico y archivos de gesti\u00f3n.<\/li>\n<li>Proporcionar a los usuarios los servicios de consulta, pr\u00e9stamo y reprograf\u00eda de los fondos documentales depositados en el Archivo.<\/li>\n<\/ul>\n<div id=\"directory__10065\"><b>Secci\u00f3n de Organizaci\u00f3n y Gesti\u00f3n Administrativa<\/b><\/div>\n<div>\n<ul>\n<li>Asesoramiento, gesti\u00f3n y seguimiento de los convenios de la Universidad con otras universidades, empresas e instituciones u organismos p\u00fablicos o privados.<\/li>\n<li>Asesoramiento, gesti\u00f3n y seguimiento de los procedimientos de concesi\u00f3n de subvenciones, ayudas y premios.<\/li>\n<li>Gesti\u00f3n y tramitaci\u00f3n del procedimiento de acceso a documentaci\u00f3n e informaci\u00f3n p\u00fablica.<\/li>\n<li>Mantenimiento del cat\u00e1logo institucional de normativas de la Universidad.<\/li>\n<\/ul>\n<\/div>\n<p>&nbsp;<\/p>\n<p><strong>DIRECTORIO<\/strong><\/p>\n<p><b>Jefe de Servicio<\/b><\/p>\n<ul class=\"directorio\">\n<li>MARTINEZ GOMEZ, MARIA JOSEFA<br \/>\nE-mail: mjmartinez@umh.es<\/li>\n<\/ul>\n<p><b>Secci\u00f3n de Gesti\u00f3n Documental y Administraci\u00f3n Electr\u00f3nica<\/b><\/p>\n<ul class=\"directorio\">\n<li>AGUILAR LORENTE, EDUARD&nbsp;<br \/>\nE-mail:&nbsp;eaguilar@umh.es&nbsp;<br \/>\nExtensi\u00f3n: 96 522 2226<\/li>\n<li>BERNABE ALBIOL, MIGUEL &nbsp;<br \/>\nE-mail:&nbsp;miguel.bernabe@umh.es<br \/>\nExtensi\u00f3n: 96 665 8676<\/li>\n<li>MARIN SANCHEZ, MARIA BELEN&nbsp;<br \/>\nE-mail:&nbsp;mmarin@umh.es<br \/>\nExtensi\u00f3n: 96 665 8353<\/li>\n<li>PASCUAL CARBONELL, LINO ANTONIO&nbsp;<br \/>\nE-mail:&nbsp;lino@umh.es<br \/>\nExtensi\u00f3n: 96 665 8721<\/li>\n<li>POVEDA CASTILLEJO, CRISTINA<br \/>\nE-mail:&nbsp;cpoveda@umh.es<br \/>\nExtensi\u00f3n: 96 522 2272<\/li>\n<li>SANCHEZ MATEU, ELENA<br \/>\nE-mail: elena.sanchez@umh.es<br \/>\nExtensi\u00f3n: 96 665 8597<\/li>\n<\/ul>\n<p><b>Secci\u00f3n de Organizaci\u00f3n y Gesti\u00f3n Administrativa<\/b><\/p>\n<ul>\n<li>BELDA CUTILLAS, FRANCISCA MARIA<br \/>\nE-mail:&nbsp;fbelda@umh.es<br \/>\nExtensi\u00f3n: 96 522 2295<\/li>\n<li>MENDIOLA HERNANDEZ, RAQUEL<br \/>\nE-mail:&nbsp;rmendiola@umh.es<br \/>\nExtensi\u00f3n: 96 522 2283<\/li>\n<\/ul>\n<p>&nbsp;<\/p>\n<p><strong>\u00bfC\u00d3MO LLEGAR A LA UMH-CAMPUS DE ELCHE?<\/strong><\/p>\n<p><strong><a href=\"https:\/\/registro.umh.es\/files\/2008\/09\/Plano-Campus-de-Elche.png\" target=\"_blank\" rel=\"noopener noreferrer\"><img loading=\"lazy\" class=\"size-medium wp-image-5726 aligncenter\" title=\"Plano Campus de Elche\" src=\"https:\/\/registro.umh.es\/files\/2008\/09\/Plano-Campus-de-Elche-300x196.png\" alt=\"\" width=\"300\" height=\"196\" srcset=\"https:\/\/smca.umh.es\/files\/2008\/09\/Plano-Campus-de-Elche-300x196.png 300w, https:\/\/smca.umh.es\/files\/2008\/09\/Plano-Campus-de-Elche.png 999w\" sizes=\"(max-width: 300px) 100vw, 300px\" \/><\/a><\/strong><\/p>\n<p><a href=\"https:\/\/registro.umh.es\/localizacion\/\"><strong>LOCALIZACI\u00d3N<\/strong><\/a>&nbsp;&nbsp;&nbsp;&nbsp;&nbsp;&nbsp;&nbsp;&nbsp;&nbsp;&nbsp;&nbsp;&nbsp;&nbsp;&nbsp;&nbsp;&nbsp;&nbsp;&nbsp;&nbsp;&nbsp;<a href=\"http:\/\/universite.umh.es\/campus3d\/?lang=ES\">&nbsp;<strong>VISTA CAMPUS 3D<\/strong><\/a><\/p>\n<div>Para visualizar Campus 3D requiere tener instalado Google Earth&nbsp;&nbsp;<a href=\"http:\/\/earth.google.es\/\" target=\"_blank\" rel=\"noopener noreferrer\">(descargar)<\/a><\/div>\n<div>&nbsp;<\/div>\n<\/div>\n<p><\/p>\n<div class='bookmarkify'><a name='bookmarkify'><\/a><div class='linkbuttons'><a href='http:\/\/www.facebook.com\/share.php?u=https:\/\/smca.umh.es\/en\/conocenos\/' title='Save to Facebook' onclick='target=\"_blank\";' rel='nofollow'><img src='https:\/\/smca.umh.es\/wp-content\/plugins\/bookmarkify\/facebook.png' style='width:16px; height:16px;' alt='[Facebook] ' \/><\/a> <a href='http:\/\/www.google.com\/bookmarks\/mark?op=edit&amp;output=popup&amp;bkmk=https:\/\/smca.umh.es\/en\/conocenos\/&amp;title=Know us' title='Save to Google Bookmarks' onclick='target=\"_blank\";' rel='nofollow'><img src='https:\/\/smca.umh.es\/wp-content\/plugins\/bookmarkify\/google.png' style='width:16px; height:16px;' alt='[Google] ' \/><\/a> <a href='http:\/\/www.linkedin.com\/shareArticle?mini=true&url=https:\/\/smca.umh.es\/en\/conocenos\/&title=Know us' title='Share on LinkedIn' onclick='target=\"_blank\";' rel='nofollow'><img src='https:\/\/smca.umh.es\/wp-content\/plugins\/bookmarkify\/linkedin.png' style='width:16px; height:16px;' alt='[LinkedIn] ' \/><\/a> <a href='http:\/\/twitter.com\/home\/?status=Know us+https:\/\/smca.umh.es\/en\/conocenos\/' title='Save to Twitter' onclick='target=\"_blank\";' rel='nofollow'><img src='https:\/\/smca.umh.es\/wp-content\/plugins\/bookmarkify\/twitter.png' style='width:16px; height:16px;' alt='[Twitter] ' \/><\/a> <\/div><\/div>","protected":false},"excerpt":{"rendered":"<p>&nbsp;<br \/>\n\u00bfCU\u00c1L ES NUESTRA MISI\u00d3N?<br \/>\nDesarrollar e impulsar el proceso de modernizaci\u00f3n administrativa de la Universidad basado en la eficacia y eficiencia de la gesti\u00f3n, la orientaci\u00f3n de servicio al ciudadano, la coordinaci\u00f3n de la actividad administrativa, la simplificaci\u00f3n y mejora de los procedimientos, la implantaci\u00f3n de la administraci\u00f3n electr\u00f3nica y la gesti\u00f3n de las pol\u00edticas y [&#8230;]<\/p>\n","protected":false},"author":322,"featured_media":0,"parent":0,"menu_order":1,"comment_status":"closed","ping_status":"open","template":"","meta":{"ngg_post_thumbnail":0,"_links_to":"","_links_to_target":""},"_links":{"self":[{"href":"https:\/\/smca.umh.es\/en\/wp-json\/wp\/v2\/pages\/527"}],"collection":[{"href":"https:\/\/smca.umh.es\/en\/wp-json\/wp\/v2\/pages"}],"about":[{"href":"https:\/\/smca.umh.es\/en\/wp-json\/wp\/v2\/types\/page"}],"author":[{"embeddable":true,"href":"https:\/\/smca.umh.es\/en\/wp-json\/wp\/v2\/users\/322"}],"replies":[{"embeddable":true,"href":"https:\/\/smca.umh.es\/en\/wp-json\/wp\/v2\/comments?post=527"}],"version-history":[{"count":0,"href":"https:\/\/smca.umh.es\/en\/wp-json\/wp\/v2\/pages\/527\/revisions"}],"wp:attachment":[{"href":"https:\/\/smca.umh.es\/en\/wp-json\/wp\/v2\/media?parent=527"}],"curies":[{"name":"wp","href":"https:\/\/api.w.org\/{rel}","templated":true}]}}