{"id":543,"date":"2013-03-05T10:00:35","date_gmt":"2013-03-05T09:00:35","guid":{"rendered":"http:\/\/registro.zeus.umh.es\/archivo-general\/"},"modified":"2025-07-02T13:29:00","modified_gmt":"2025-07-02T11:29:00","slug":"archivo-general","status":"publish","type":"page","link":"https:\/\/smca.umh.es\/en\/archivo-general\/","title":{"rendered":"General Archive"},"content":{"rendered":"<p><a href=\"https:\/\/registro.umh.es\/files\/2008\/11\/p104018689.jpg\" target=\"_blank\" rel=\"noopener noreferrer\"><img loading=\"lazy\" class=\"alignnone size-medium wp-image-819\" src=\"https:\/\/registro.umh.es\/files\/2008\/11\/p104018689-300x225.jpg\" alt=\"\" width=\"194\" height=\"159\" \/><\/a>\u00a0\u00a0\u00a0\u00a0\u00a0\u00a0\u00a0\u00a0\u00a0\u00a0\u00a0\u00a0\u00a0\u00a0\u00a0\u00a0\u00a0\u00a0\u00a0\u00a0\u00a0\u00a0\u00a0\u00a0\u00a0\u00a0\u00a0\u00a0\u00a0\u00a0\u00a0 \u00a0\u00a0<a href=\"https:\/\/registro.umh.es\/files\/2008\/11\/compacto-archivo-1-thumb5.jpg\"><img loading=\"lazy\" class=\"alignnone size-medium wp-image-654\" src=\"https:\/\/registro.umh.es\/files\/2008\/11\/compacto-archivo-1-thumb5.jpg\" alt=\"\" width=\"188\" height=\"160\" \/><\/a><\/p>\n<table style=\"width: 400px;height: 99px\" border=\"1\" width=\"400\" cellpadding=\"0\" align=\"left\">\n<tbody>\n<tr>\n<td width=\"17%\">Direcci\u00f3n<\/td>\n<td dir=\"ltr\" style=\"width: 81%\">Edificio H\u00e9like- Planta Baja<\/p>\n<p>Avda. de la Universidad, s\/n. 03202-Elche<\/td>\n<\/tr>\n<tr>\n<td width=\"17%\">Tel\u00e9fono<\/td>\n<td width=\"81%\">966658597 &#8211; 966658365 (Dep\u00f3sito Archivo)<\/td>\n<\/tr>\n<tr>\n<td width=\"17%\">E-Mail<\/td>\n<td width=\"81%\"><a href=\"mailto:registrogeneral@umh.es\">registrogeneral@umh.es<\/a><\/td>\n<\/tr>\n<\/tbody>\n<\/table>\n<p><strong>Nuestras funciones<\/strong><\/p>\n<p>El Archivo General tiene como funci\u00f3n fundamental la coordinaci\u00f3n de todos los elementos que componen el sistema archiv\u00edstico de la Universidad.<\/p>\n<p>Funciones:<\/p>\n<p>-Organizaci\u00f3n, gesti\u00f3n, tratamiento, custodia y difusi\u00f3n del patrimonio documental de la Universidad.<\/p>\n<p>-Proporcionar a los usuarios los servicios de consulta, pr\u00e9stamo y reprograf\u00eda de los fondos documentales depositados en el Archivo.<\/p>\n<p>-Colaborar en la organizaci\u00f3n de los archivos de oficina y su coordinaci\u00f3n con el Archivo General.<\/p>\n<p class=\"MsoNormal\" style=\"margin: 0cm 0cm 0pt\"><strong>Qu\u00e9 servicios ofrecemos<\/strong><\/p>\n<ul>\n<li>\n<div class=\"MsoNormal\" style=\"margin: 0cm 0cm 0pt\">Transferencias de documentos al Archivo<\/div>\n<\/li>\n<\/ul>\n<p class=\"MsoNormal\" style=\"margin: 0cm 0cm 0pt\">\u00a0\u00a0\u00a0\u00a0\u00a0\u00a0\u00a0\u00a0\u00a0 <a href=\"https:\/\/registro.umh.es\/files\/2011\/03\/pw02-transferencias-de-documentacion-al-archivo-general-v2011.pdf\" target=\"_blank\" rel=\"noopener noreferrer\">C\u00f3mo realizar una transferencia<\/a><\/p>\n<p class=\"MsoNormal\" style=\"margin: 0cm 0cm 0pt\">\u00a0\u00a0\u00a0\u00a0\u00a0\u00a0\u00a0\u00a0\u00a0\u00a0<a href=\"https:\/\/registro.umh.es\/files\/2011\/02\/listado-material-de-archivo-v3.pdf\" target=\"_blank\" rel=\"noopener noreferrer\">Listado de material de archivo<\/a><\/p>\n<ul>\n<li>\n<div class=\"MsoNormal\" style=\"margin: 0cm 0cm 0pt\">Servicios de consulta, pr\u00e9stamo y reprograf\u00eda<\/div>\n<\/li>\n<\/ul>\n<p class=\"MsoNormal\" style=\"margin: 0cm 0cm 0pt\">\u00a0\u00a0\u00a0\u00a0\u00a0\u00a0\u00a0\u00a0\u00a0\u00a0<a href=\"http:\/\/mariola.umh.es:8080\/clara\/jsp\/index.jsp\" target=\"_blank\" rel=\"noopener noreferrer\">Consulta del Opac-web del Archivo de la UMH\u00a0<\/a><\/p>\n<p class=\"MsoNormal\" style=\"margin: 0cm 0cm 0pt\">\u00a0\u00a0\u00a0\u00a0\u00a0\u00a0\u00a0\u00a0\u00a0 <a href=\"https:\/\/registro.umh.es\/files\/2011\/04\/pw03-servicios-de-consulta-prestamo-reprografia-rv1.pdf\" target=\"_blank\" rel=\"noopener noreferrer\">C\u00f3mo acceder a los servicios de consulta, pr\u00e9stamo y reprograf\u00eda<\/a><\/p>\n<ul>\n<li>\n<div class=\"MsoNormal\" style=\"margin: 0cm 0cm 0pt\">Eliminaci\u00f3n de documentos<\/div>\n<\/li>\n<\/ul>\n<p class=\"MsoNormal\">\u00a0\u00a0\u00a0\u00a0\u00a0\u00a0\u00a0\u00a0\u00a0 <a href=\"https:\/\/registro.umh.es\/files\/2008\/11\/01-recomendaciones-para-eliminar-los-documentos-en-los-archivos-de-oficina.pps\" target=\"_blank\" rel=\"noopener noreferrer\">Recomendaciones para eliminar los documentos en los archivos de oficina<\/a><\/p>\n<p class=\"MsoNormal\" style=\"text-align: justify\"><span style=\"font-size: 10pt\"><strong>Cuadro de clasificaci\u00f3n de documentos<\/strong><\/span><\/p>\n<p class=\"MsoNormal\" style=\"text-align: justify\">Aqu\u00ed puedes consultar la versi\u00f3n del cuadro de clasificaci\u00f3n implantada hasta la fecha.<\/p>\n<p>Las entradas marcadas en rojo con el s\u00edmbolo <img loading=\"lazy\" src=\"http:\/\/exmailer.umh.es\/Public\/UMH\/Servicios%20Centrales\/Unidad%20de%20Documentaci%C3%B3n,%20Archivo%20y%20Registro\/07-%20Archivo%20General\/07-%20CUADRO%20DE%20CLASIFICACION%20DE%20DOCUMENTOS\/07-%20Cuadro%20de%20clasificaci%C3%B3n%20de%20documentos-341884746.EML\/image001.gif\" alt=\"\" width=\"13\" height=\"19\" \/><span style=\"font-family: Times New Roman;color: #0000ff;font-size: small\">\u00a0<\/span>ya est\u00e1n siendo utilizadas por determinados servicios y unidades administrativas. Para dudas, comentarios y aclaraciones: Archivo (Edificio H\u00e9like)-Ext.8597<\/p>\n<ul>\n<li>\n<div class=\"MsoNormal\"><a href=\"https:\/\/registro.umh.es\/files\/2011\/07\/b105-cuadro-de-clasificacion-v40.doc\" target=\"_blank\" rel=\"noopener noreferrer\">B105-Cuadro de clasificaci\u00f3n<\/a><\/div>\n<\/li>\n<\/ul>\n<p class=\"MsoNormal\"><strong>Control de circulaci\u00f3n de documentos en los archivos de oficina<\/strong><\/p>\n<p class=\"MsoNormal\" style=\"text-align: justify\">Es conveniente no extraer documentos originales de los expedientes, mejor utilizar fotocopias para consultarlos. Si fuera necesario utilizar el original se dejar\u00e1 constancia de la extracci\u00f3n mediante un testigo que especifique la fecha y persona que lo ha cogido (ver impreso B110 FA\/01).<\/p>\n<ul type=\"disc\">\n<li class=\"MsoNormal\">\u00a0<a href=\"https:\/\/registro.umh.es\/files\/2008\/11\/b110-fa-01-hoja-de-control-de-circulacion-de-documentos.doc\" target=\"_blank\" rel=\"noopener noreferrer\">Hoja de control de circulaci\u00f3n de documento FA01<\/a>\u00a0(Descarga formulario)<\/li>\n<\/ul>\n<p class=\"MsoNormal\"><span style=\"font-family: bookman old style;font-size: xx-small\">El Archivo de la UMH pertenece a la\u00a0<a href=\"https:\/\/registro.umh.es\/files\/2011\/06\/sin-titulo.png\"><img loading=\"lazy\" class=\"size-medium wp-image-4416 alignleft\" src=\"https:\/\/registro.umh.es\/files\/2011\/06\/sin-titulo.png\" alt=\"\" width=\"170\" height=\"68\" \/><\/a><\/span><\/p>\n<p><\/p>\n<div class='bookmarkify'><a name='bookmarkify'><\/a><div class='linkbuttons'><a href='http:\/\/www.facebook.com\/share.php?u=https:\/\/smca.umh.es\/en\/archivo-general\/' title='Save to Facebook' onclick='target=\"_blank\";' rel='nofollow'><img src='https:\/\/smca.umh.es\/wp-content\/plugins\/bookmarkify\/facebook.png' style='width:16px; height:16px;' alt='[Facebook] ' \/><\/a> <a href='http:\/\/www.google.com\/bookmarks\/mark?op=edit&amp;output=popup&amp;bkmk=https:\/\/smca.umh.es\/en\/archivo-general\/&amp;title=General Archive' title='Save to Google Bookmarks' onclick='target=\"_blank\";' rel='nofollow'><img src='https:\/\/smca.umh.es\/wp-content\/plugins\/bookmarkify\/google.png' style='width:16px; height:16px;' alt='[Google] ' \/><\/a> <a href='http:\/\/www.linkedin.com\/shareArticle?mini=true&url=https:\/\/smca.umh.es\/en\/archivo-general\/&title=General Archive' title='Share on LinkedIn' onclick='target=\"_blank\";' rel='nofollow'><img src='https:\/\/smca.umh.es\/wp-content\/plugins\/bookmarkify\/linkedin.png' style='width:16px; height:16px;' alt='[LinkedIn] ' \/><\/a> <a href='http:\/\/twitter.com\/home\/?status=General Archive+https:\/\/smca.umh.es\/en\/archivo-general\/' title='Save to Twitter' onclick='target=\"_blank\";' rel='nofollow'><img src='https:\/\/smca.umh.es\/wp-content\/plugins\/bookmarkify\/twitter.png' style='width:16px; height:16px;' alt='[Twitter] ' \/><\/a> <\/div><\/div>","protected":false},"excerpt":{"rendered":"<p>\u00a0\u00a0\u00a0\u00a0\u00a0\u00a0\u00a0\u00a0\u00a0\u00a0\u00a0\u00a0\u00a0\u00a0\u00a0\u00a0\u00a0\u00a0\u00a0\u00a0\u00a0\u00a0\u00a0\u00a0\u00a0\u00a0\u00a0\u00a0\u00a0\u00a0\u00a0 \u00a0\u00a0<\/p>\n<p>Direcci\u00f3n<br \/>\nEdificio H\u00e9like- Planta Baja<br \/>\nAvda. de la Universidad, s\/n. 03202-Elche<\/p>\n<p>Tel\u00e9fono<br \/>\n966658597 &#8211; 966658365 (Dep\u00f3sito Archivo)<\/p>\n<p>E-Mail<br \/>\nregistrogeneral@umh.es<\/p>\n<p>Nuestras funciones<br \/>\nEl Archivo General tiene como funci\u00f3n fundamental la coordinaci\u00f3n de todos los elementos que componen el sistema archiv\u00edstico de la Universidad.<br \/>\nFunciones:<br \/>\n-Organizaci\u00f3n, gesti\u00f3n, tratamiento, custodia y difusi\u00f3n del patrimonio documental de la Universidad.<br \/>\n-Proporcionar a los usuarios los servicios de consulta, pr\u00e9stamo y [&#8230;]<\/p>\n","protected":false},"author":1,"featured_media":43905,"parent":0,"menu_order":2,"comment_status":"closed","ping_status":"open","template":"","meta":{"ngg_post_thumbnail":0,"_links_to":"","_links_to_target":""},"_links":{"self":[{"href":"https:\/\/smca.umh.es\/en\/wp-json\/wp\/v2\/pages\/543"}],"collection":[{"href":"https:\/\/smca.umh.es\/en\/wp-json\/wp\/v2\/pages"}],"about":[{"href":"https:\/\/smca.umh.es\/en\/wp-json\/wp\/v2\/types\/page"}],"author":[{"embeddable":true,"href":"https:\/\/smca.umh.es\/en\/wp-json\/wp\/v2\/users\/1"}],"replies":[{"embeddable":true,"href":"https:\/\/smca.umh.es\/en\/wp-json\/wp\/v2\/comments?post=543"}],"version-history":[{"count":0,"href":"https:\/\/smca.umh.es\/en\/wp-json\/wp\/v2\/pages\/543\/revisions"}],"wp:featuredmedia":[{"embeddable":true,"href":"https:\/\/smca.umh.es\/en\/wp-json\/wp\/v2\/media\/43905"}],"wp:attachment":[{"href":"https:\/\/smca.umh.es\/en\/wp-json\/wp\/v2\/media?parent=543"}],"curies":[{"name":"wp","href":"https:\/\/api.w.org\/{rel}","templated":true}]}}